{"id":35,"date":"2025-12-30T12:58:42","date_gmt":"2025-12-30T12:58:42","guid":{"rendered":"https:\/\/aurelie-leber-sexotherapie.fr\/?page_id=35"},"modified":"2026-02-04T21:58:37","modified_gmt":"2026-02-04T21:58:37","slug":"la-consultation-parents-adolescents","status":"publish","type":"page","link":"https:\/\/aurelie-leber-sexotherapie.fr\/index.php\/aurelie-leber-sexotherapeute\/la-consultation-parents-adolescents\/","title":{"rendered":"Consultation parents &#8211; adolescents"},"content":{"rendered":"\n<div class=\"wp-block-group has-global-padding is-layout-constrained wp-block-group-is-layout-constrained\">\n<p class=\"wp-block-paragraph\">Parents et adolescents peuvent ressentir, chacun \u00e0 leur mani\u00e8re, le besoin d\u2019un espace pour traverser plus sereinement cette p\u00e9riode de transition. Les parents peuvent se sentir inquiets, d\u00e9munis ou en difficult\u00e9 face aux changements de leur adolescent, tandis que celui-ci peut se sentir perdu, envahi par ses \u00e9motions ou seul avec ses questions. Lorsque le dialogue devient compliqu\u00e9, que les silences s\u2019installent ou que certaines th\u00e9matiques li\u00e9es \u00e0 la sexualit\u00e9, \u00e0 l\u2019intimit\u00e9 ou aux relations semblent difficiles \u00e0 aborder en famille, la consultation offre un cadre s\u00e9curisant et confidentiel. Cet espace permet \u00e0 chacun de d\u00e9poser ce qui p\u00e8se, de mettre des mots sur les v\u00e9cus et de retrouver une compr\u00e9hension mutuelle, dans le respect du rythme, de la parole et des besoins de chacun.<\/p>\n\n\n\n<p class=\"wp-block-paragraph\">Un adolescent peut choisir de venir en consultation de suivi seul lorsqu\u2019il ressent le besoin d\u2019avoir un espace rien qu\u2019\u00e0 lui, pour parler librement de ce qu\u2019il traverse. Certaines questions li\u00e9es au corps, \u00e0 la sexualit\u00e9, aux \u00e9motions, aux relations ou \u00e0 l\u2019identit\u00e9 peuvent \u00eatre difficiles \u00e0 partager avec les parents ou l\u2019entourage. Le suivi individuel offre un cadre confidentiel et s\u00e9curisant, o\u00f9 la parole peut se d\u00e9ployer sans crainte d\u2019\u00eatre jug\u00e9 ou incompris. Ces temps permettent \u00e0 l\u2019adolescent de mieux se comprendre, de mettre du sens sur ses ressentis et de se sentir soutenu dans cette p\u00e9riode de construction, \u00e0 son rythme et selon ses besoins.<\/p>\n\n\n\n<hr class=\"wp-block-separator has-alpha-channel-opacity\"\/>\n\n\n\n<div class=\"wp-block-group has-global-padding is-layout-constrained wp-block-group-is-layout-constrained\">\n<p class=\"wp-block-paragraph\">Les sujets abord\u00e9s peuvent \u00eatre: <\/p>\n\n\n\n<ul class=\"wp-block-list\">\n<li>Les moyens de contraception,<\/li>\n\n\n\n<li>Le cycle menstruel et les moyens de protections hygi\u00e9niques,<\/li>\n\n\n\n<li>Les id\u00e9es re\u00e7us sur la sexualit\u00e9,<\/li>\n\n\n\n<li>Les peurs li\u00e9es aux premi\u00e8res fois,<\/li>\n\n\n\n<li>Le consentement,<\/li>\n\n\n\n<li>Les d\u00e9sirs et les limites personnelles,<\/li>\n<\/ul>\n\n\n\n<p class=\"wp-block-paragraph\">Liste non exhaustive<\/p>\n<\/div>\n\n\n\n<hr class=\"wp-block-separator has-alpha-channel-opacity\"\/>\n<\/div>\n\n\n\n<div class=\"wp-block-group has-global-padding is-layout-constrained wp-block-group-is-layout-constrained\">\n<h2 class=\"wp-block-heading is-style-text-subtitle is-style-text-subtitle--1\">Le d\u00e9roulement de la s\u00e9ance<\/h2>\n\n\n\n<p class=\"wp-block-paragraph\">La premi\u00e8re consultation se fera toujours en pr\u00e9sence d&rsquo;un parent, afin d&rsquo;expliquer le cadre et d&rsquo;\u00e9changer sur vos attentes et besoins. Les s\u00e9ances suivantes se feront soit en pr\u00e9sence du parent soit avec l&rsquo;adolescent seul. Son parent pourra alors patienter en salle d&rsquo;attente.<\/p>\n\n\n\n<p class=\"wp-block-paragraph\">Ces consultations s&rsquo;adressent aux adolescents de 12 ans \u00e0 17 ans.<\/p>\n\n\n\n<p class=\"wp-block-paragraph\">A partir de 15 ans, il est possible de venir consulter seul.<\/p>\n\n\n\n<p class=\"wp-block-paragraph\">Je recommande une consultation d&rsquo;1h30 pour une premi\u00e8re s\u00e9ance mais vous pouvez tout \u00e0 fait choisir une consultation d&rsquo;une heure si vous pr\u00e9f\u00e9rez.<\/p>\n\n\n\n<div class=\"wp-block-buttons is-content-justification-center is-layout-flex wp-container-core-buttons-is-layout-35f06ea7 wp-block-buttons-is-layout-flex\">\n<div class=\"wp-block-button\"><a class=\"wp-block-button__link wp-element-button\">Prendre rendez-vous<\/a><\/div>\n<\/div>\n<\/div>\n","protected":false},"excerpt":{"rendered":"<p>Parents et adolescents peuvent ressentir, chacun \u00e0 leur mani\u00e8re, le besoin d\u2019un espace pour traverser plus sereinement cette p\u00e9riode de transition. Les parents peuvent se sentir inquiets, d\u00e9munis ou en difficult\u00e9 face aux changements de leur adolescent, tandis que celui-ci peut se sentir perdu, envahi par ses \u00e9motions ou seul avec ses questions. Lorsque le [&hellip;]<\/p>\n","protected":false},"author":1,"featured_media":0,"parent":20,"menu_order":2,"comment_status":"closed","ping_status":"closed","template":"mod-le-personnalis","meta":{"_crdt_document":"","advanced_seo_description":"","jetpack_seo_html_title":"","jetpack_seo_noindex":false,"footnotes":""},"class_list":["post-35","page","type-page","status-publish","hentry"],"jetpack_sharing_enabled":true,"_links":{"self":[{"href":"https:\/\/aurelie-leber-sexotherapie.fr\/index.php\/wp-json\/wp\/v2\/pages\/35","targetHints":{"allow":["GET"]}}],"collection":[{"href":"https:\/\/aurelie-leber-sexotherapie.fr\/index.php\/wp-json\/wp\/v2\/pages"}],"about":[{"href":"https:\/\/aurelie-leber-sexotherapie.fr\/index.php\/wp-json\/wp\/v2\/types\/page"}],"author":[{"embeddable":true,"href":"https:\/\/aurelie-leber-sexotherapie.fr\/index.php\/wp-json\/wp\/v2\/users\/1"}],"replies":[{"embeddable":true,"href":"https:\/\/aurelie-leber-sexotherapie.fr\/index.php\/wp-json\/wp\/v2\/comments?post=35"}],"version-history":[{"count":14,"href":"https:\/\/aurelie-leber-sexotherapie.fr\/index.php\/wp-json\/wp\/v2\/pages\/35\/revisions"}],"predecessor-version":[{"id":177,"href":"https:\/\/aurelie-leber-sexotherapie.fr\/index.php\/wp-json\/wp\/v2\/pages\/35\/revisions\/177"}],"up":[{"embeddable":true,"href":"https:\/\/aurelie-leber-sexotherapie.fr\/index.php\/wp-json\/wp\/v2\/pages\/20"}],"wp:attachment":[{"href":"https:\/\/aurelie-leber-sexotherapie.fr\/index.php\/wp-json\/wp\/v2\/media?parent=35"}],"curies":[{"name":"wp","href":"https:\/\/api.w.org\/{rel}","templated":true}]}}