{"id":303,"date":"2026-03-29T19:59:24","date_gmt":"2026-03-29T19:59:24","guid":{"rendered":"https:\/\/aurelie-leber-sexotherapie.fr\/?page_id=303"},"modified":"2026-03-29T19:59:24","modified_gmt":"2026-03-29T19:59:24","slug":"la-premiere-fois-et-si-on-deconstruisait-les-mythes","status":"publish","type":"page","link":"https:\/\/aurelie-leber-sexotherapie.fr\/index.php\/la-premiere-fois-et-si-on-deconstruisait-les-mythes\/","title":{"rendered":"La premi\u00e8re fois : et si on d\u00e9construisait les mythes?"},"content":{"rendered":"\n<p class=\"wp-block-paragraph\">Beaucoup de fausses croyances et d&rsquo;injonction sociale entourent la premi\u00e8re fois. R\u00e9sultat, la premi\u00e8re fois est source d&rsquo;inqui\u00e9tude et de peurs. Et si nous faisions le tri entre mythes et r\u00e9alit\u00e9s?<\/p>\n\n\n\n<p class=\"is-style-text-subtitle is-style-text-subtitle--1 wp-block-paragraph\">La premi\u00e8re fois, \u00e7a fait mal!<strong> <\/strong><\/p>\n\n\n\n<p class=\"is-style-default wp-block-paragraph\">Qui n&rsquo;a jamais entendu cette phrase? Et bien non, la premi\u00e8re fois ne doit pas faire mal. Si c&rsquo;est le cas, il y a des causes tr\u00e8s facilement identifiables :<\/p>\n\n\n\n<ul class=\"wp-block-list\">\n<li>Le stress,<\/li>\n\n\n\n<li>Le manque d&rsquo;excitation et donc de lubrification,<\/li>\n\n\n\n<li>Une p\u00e9n\u00e9tration trop rapide en n\u00e9gligeant les pr\u00e9liminaires,<\/li>\n\n\n\n<li>La peur d&rsquo;avoir mal.<\/li>\n<\/ul>\n\n\n\n<p class=\"wp-block-paragraph\">Le corps f\u00e9minin fonctionne avec le rel\u00e2chement et la s\u00e9curit\u00e9. Plus on est tendue, plus on se contracte et plus la p\u00e9n\u00e9tration pourra \u00eatre inconfortable. La douleur n&rsquo;est pas un rite de passage, mais un signal d&rsquo;alerte.<\/p>\n\n\n\n<p class=\"is-style-text-subtitle is-style-text-subtitle--2 wp-block-paragraph\">Est-ce que je vais saigner?<\/p>\n\n\n\n<p class=\"wp-block-paragraph\">Encore une fois, non, ce n&rsquo;est pas obligatoire. Certaines vont avoir un saignement et d&rsquo;autres non. Il est important de souligner qu&rsquo;un saignement ou une absence de saignement ne peut d\u00e9terminer la virginit\u00e9 d&rsquo;une personne. Le saignement vient de l&rsquo;hymen ou de la muqueuse fragilis\u00e9e du vagin en cas de manque de lubrification ou d&rsquo;une p\u00e9n\u00e9tration brusque. Enfin qui dit saignement ne veut pas dire douleur!<\/p>\n\n\n\n<p class=\"is-style-text-subtitle is-style-text-subtitle--3 wp-block-paragraph\">Il faut aller jusqu&rsquo;\u00e0 la p\u00e9n\u00e9tration<\/p>\n\n\n\n<p class=\"wp-block-paragraph\">Pourquoi une premi\u00e8re exp\u00e9rience devrait se terminer par une p\u00e9n\u00e9tration ?  On peut aussi changer d&rsquo;avis en cours de route et \u00e7a ne devrait jamais \u00eatre un probl\u00e8me.<\/p>\n\n\n\n<p class=\"wp-block-paragraph\">Une premi\u00e8re exp\u00e9rience sexuelle peut tout \u00e0 fait \u00eatre des pr\u00e9liminaires. On apprend \u00e0 se d\u00e9couvrir mutuellement, \u00e0 se caresser, se mettre en confiance, conna\u00eetre les zones \u00e9rog\u00e8nes de son partenaire&#8230; Les mots d&rsquo;ordre ici sont : consentement et envie.<\/p>\n\n\n\n<p class=\"is-style-text-subtitle is-style-text-subtitle--4 wp-block-paragraph\">La premi\u00e8re fois doit forc\u00e9ment \u00eatre r\u00e9ussi<\/p>\n\n\n\n<p class=\"wp-block-paragraph\">Il faut \u00eatre r\u00e9aliste, le premier rapport sexuel est rarement le plus r\u00e9ussi. En effet, avec l&rsquo;exp\u00e9rience, nous connaissons mieux notre corps, nos pr\u00e9f\u00e9rences et surtout nous sommes moins stress\u00e9. Le plus important, c&rsquo;est d&rsquo;\u00eatre en accord avec son envie.<\/p>\n\n\n\n<p class=\"is-style-text-subtitle is-style-text-subtitle--5 wp-block-paragraph\">On ne peut pas tomber enceinte la premi\u00e8re fois<\/p>\n\n\n\n<p class=\"wp-block-paragraph\">Et bien si! Si une femme est menstru\u00e9e elle peut donc \u00eatre enceinte. Contrairement \u00e0 ce que certaines personnes pensent, le corps n\u2019a pas besoin de \u201ctemps\u201d ou d\u2019exp\u00e9rience pour qu\u2019une grossesse puisse arriver. Si un spermatozo\u00efde rencontre un ovule, la f\u00e9condation peut se produire, m\u00eame la premi\u00e8re fois. C\u2019est pour cela qu\u2019il est important de se prot\u00e9ger d\u00e8s le d\u00e9but, en utilisant une contraception, si l\u2019on ne souhaite pas avoir de b\u00e9b\u00e9.<\/p>\n\n\n\n<p class=\"wp-block-paragraph\">Au fond, les premi\u00e8res fois sont souvent entour\u00e9es de beaucoup trop de pression et de clich\u00e9s pour ce qu\u2019elles sont vraiment : des exp\u00e9riences humaines et uniques. Il n\u2019y a pas de timing id\u00e9al, pas de performance \u00e0 valider, ni de mod\u00e8le \u00e0 suivre. Ce qui compte vraiment, c\u2019est d\u2019\u00eatre \u00e0 l\u2019\u00e9coute de soi, d\u2019\u00eatre \u00e0 l\u2019aise avec l\u2019autre et de garder en ligne de mire le respect et le consentement. Inutile de chercher \u00e0 vivre une premi\u00e8re fois \u201ccomme dans les films\u201d, l\u2019essentiel est de s\u2019autoriser \u00e0 la vivre \u00e0 sa mani\u00e8re. Parce qu\u2019au final, ce n\u2019est pas un moment cens\u00e9 \u00eatre parfait \u2014 c\u2019est juste un moment qui vous ressemble.<\/p>\n\n\n\n<p class=\"wp-block-paragraph\">Prenez soins de vous!<\/p>\n\n\n\n<p class=\"wp-block-paragraph\"><\/p>\n","protected":false},"excerpt":{"rendered":"<p>Beaucoup de fausses croyances et d&rsquo;injonction sociale entourent la premi\u00e8re fois. R\u00e9sultat, la premi\u00e8re fois est source d&rsquo;inqui\u00e9tude et de peurs. Et si nous faisions le tri entre mythes et r\u00e9alit\u00e9s? La premi\u00e8re fois, \u00e7a fait mal! Qui n&rsquo;a jamais entendu cette phrase? Et bien non, la premi\u00e8re fois ne doit pas faire mal. Si [&hellip;]<\/p>\n","protected":false},"author":1,"featured_media":0,"parent":0,"menu_order":0,"comment_status":"closed","ping_status":"closed","template":"","meta":{"_crdt_document":"","advanced_seo_description":"","jetpack_seo_html_title":"","jetpack_seo_noindex":false,"footnotes":""},"class_list":["post-303","page","type-page","status-publish","hentry"],"jetpack_sharing_enabled":true,"_links":{"self":[{"href":"https:\/\/aurelie-leber-sexotherapie.fr\/index.php\/wp-json\/wp\/v2\/pages\/303","targetHints":{"allow":["GET"]}}],"collection":[{"href":"https:\/\/aurelie-leber-sexotherapie.fr\/index.php\/wp-json\/wp\/v2\/pages"}],"about":[{"href":"https:\/\/aurelie-leber-sexotherapie.fr\/index.php\/wp-json\/wp\/v2\/types\/page"}],"author":[{"embeddable":true,"href":"https:\/\/aurelie-leber-sexotherapie.fr\/index.php\/wp-json\/wp\/v2\/users\/1"}],"replies":[{"embeddable":true,"href":"https:\/\/aurelie-leber-sexotherapie.fr\/index.php\/wp-json\/wp\/v2\/comments?post=303"}],"version-history":[{"count":5,"href":"https:\/\/aurelie-leber-sexotherapie.fr\/index.php\/wp-json\/wp\/v2\/pages\/303\/revisions"}],"predecessor-version":[{"id":313,"href":"https:\/\/aurelie-leber-sexotherapie.fr\/index.php\/wp-json\/wp\/v2\/pages\/303\/revisions\/313"}],"wp:attachment":[{"href":"https:\/\/aurelie-leber-sexotherapie.fr\/index.php\/wp-json\/wp\/v2\/media?parent=303"}],"curies":[{"name":"wp","href":"https:\/\/api.w.org\/{rel}","templated":true}]}}