{"id":297,"date":"2026-02-15T19:38:34","date_gmt":"2026-02-15T19:38:34","guid":{"rendered":"https:\/\/aurelie-leber-sexotherapie.fr\/?page_id=297"},"modified":"2026-02-17T18:32:52","modified_gmt":"2026-02-17T18:32:52","slug":"__trashed-3","status":"publish","type":"page","link":"https:\/\/aurelie-leber-sexotherapie.fr\/index.php\/aurelie-leber-sexotherapeute\/blog\/__trashed-3\/","title":{"rendered":"Focus sur l&rsquo;hymen"},"content":{"rendered":"\n<p class=\"wp-block-paragraph\">L&rsquo;hymen est une fine membrane situ\u00e9e \u00e0 l&rsquo;entr\u00e9e du vagin. Il se forme au stade embryonnaire et pr\u00e9sente une grande diversit\u00e9 de formes, d\u2019\u00e9paisseur et d\u2019\u00e9lasticit\u00e9. Il est naturellement perfor\u00e9 afin de permettre l\u2019\u00e9coulement des r\u00e8gles et des s\u00e9cr\u00e9tions vaginales.<\/p>\n\n\n\n<p class=\"wp-block-paragraph\">On associe souvent, voire toujours, l\u2019hymen \u00e0 la virginit\u00e9. Pourtant, la r\u00e9alit\u00e9 est plus nuanc\u00e9e. L\u2019hymen varie \u00e9norm\u00e9ment d\u2019une femme \u00e0 l\u2019autre : chez certaines, il est tr\u00e8s \u00e9lastique et peut s\u2019\u00e9tirer sans jamais se rompre ; chez d\u2019autres, il peut se modifier lors d\u2019une activit\u00e9 sportive, de l\u2019utilisation de tampons ou sans \u00e9v\u00e9nement particulier identifiable. Plus rarement, certaines femmes peuvent na\u00eetre avec un hymen tr\u00e8s peu d\u00e9velopp\u00e9. Ainsi, attribuer la perte de la virginit\u00e9 \u00e0 la seule d\u00e9chirure de l\u2019hymen rel\u00e8ve davantage du mythe que de la r\u00e9alit\u00e9.<\/p>\n\n\n\n<p class=\"wp-block-paragraph\">Il est rare que l\u2019hymen soit responsable des douleurs li\u00e9es \u00e0 la premi\u00e8re fois. Dans de tr\u00e8s rares cas, l\u2019hymen peut \u00eatre imperfor\u00e9 (c\u2019est-\u00e0-dire sans ouverture). Cette situation est g\u00e9n\u00e9ralement d\u00e9tect\u00e9e \u00e0 l\u2019adolescence, car le sang des r\u00e8gles ne peut pas s\u2019\u00e9couler. Si elle n\u2019a pas \u00e9t\u00e9 diagnostiqu\u00e9e, une tentative de p\u00e9n\u00e9tration pourra \u00eatre douloureuse, voire impossible.<\/p>\n\n\n\n<p class=\"wp-block-paragraph\">Dans la majorit\u00e9 des cas, les douleurs ressenties lors d\u2019un premier rapport sont davantage li\u00e9es au stress, \u00e0 la contraction involontaire des muscles ou \u00e0 un manque d\u2019excitation (et donc de lubrification) qu\u2019\u00e0 l\u2019hymen lui-m\u00eame.<\/p>\n\n\n\n<p class=\"wp-block-paragraph\">Pour conclure,  l\u2019hymen ne d\u00e9termine ni votre valeur ni votre exp\u00e9rience. Chaque corps est diff\u00e9rent et la premi\u00e8re fois ne devrait jamais \u00eatre une \u00e9preuve. L\u2019essentiel reste l\u2019\u00e9coute de soi, le respect et la s\u00e9curit\u00e9.<\/p>\n","protected":false},"excerpt":{"rendered":"<p>L&rsquo;hymen est une fine membrane situ\u00e9e \u00e0 l&rsquo;entr\u00e9e du vagin. Il se forme au stade embryonnaire et pr\u00e9sente une grande diversit\u00e9 de formes, d\u2019\u00e9paisseur et d\u2019\u00e9lasticit\u00e9. Il est naturellement perfor\u00e9 afin de permettre l\u2019\u00e9coulement des r\u00e8gles et des s\u00e9cr\u00e9tions vaginales. On associe souvent, voire toujours, l\u2019hymen \u00e0 la virginit\u00e9. Pourtant, la r\u00e9alit\u00e9 est plus nuanc\u00e9e. [&hellip;]<\/p>\n","protected":false},"author":1,"featured_media":0,"parent":266,"menu_order":2,"comment_status":"closed","ping_status":"closed","template":"","meta":{"_crdt_document":"","advanced_seo_description":"","jetpack_seo_html_title":"","jetpack_seo_noindex":false,"footnotes":""},"class_list":["post-297","page","type-page","status-publish","hentry"],"jetpack_sharing_enabled":true,"_links":{"self":[{"href":"https:\/\/aurelie-leber-sexotherapie.fr\/index.php\/wp-json\/wp\/v2\/pages\/297","targetHints":{"allow":["GET"]}}],"collection":[{"href":"https:\/\/aurelie-leber-sexotherapie.fr\/index.php\/wp-json\/wp\/v2\/pages"}],"about":[{"href":"https:\/\/aurelie-leber-sexotherapie.fr\/index.php\/wp-json\/wp\/v2\/types\/page"}],"author":[{"embeddable":true,"href":"https:\/\/aurelie-leber-sexotherapie.fr\/index.php\/wp-json\/wp\/v2\/users\/1"}],"replies":[{"embeddable":true,"href":"https:\/\/aurelie-leber-sexotherapie.fr\/index.php\/wp-json\/wp\/v2\/comments?post=297"}],"version-history":[{"count":3,"href":"https:\/\/aurelie-leber-sexotherapie.fr\/index.php\/wp-json\/wp\/v2\/pages\/297\/revisions"}],"predecessor-version":[{"id":301,"href":"https:\/\/aurelie-leber-sexotherapie.fr\/index.php\/wp-json\/wp\/v2\/pages\/297\/revisions\/301"}],"up":[{"embeddable":true,"href":"https:\/\/aurelie-leber-sexotherapie.fr\/index.php\/wp-json\/wp\/v2\/pages\/266"}],"wp:attachment":[{"href":"https:\/\/aurelie-leber-sexotherapie.fr\/index.php\/wp-json\/wp\/v2\/media?parent=297"}],"curies":[{"name":"wp","href":"https:\/\/api.w.org\/{rel}","templated":true}]}}