{"id":248,"date":"2026-02-04T20:19:10","date_gmt":"2026-02-04T20:19:10","guid":{"rendered":"https:\/\/aurelie-leber-sexotherapie.fr\/?page_id=248"},"modified":"2026-02-17T18:32:06","modified_gmt":"2026-02-17T18:32:06","slug":"comment-se-passe-une-premiere-consultation","status":"publish","type":"page","link":"https:\/\/aurelie-leber-sexotherapie.fr\/index.php\/aurelie-leber-sexotherapeute\/blog\/comment-se-passe-une-premiere-consultation\/","title":{"rendered":"Comment se passe une premi\u00e8re consultation?"},"content":{"rendered":"\n<p class=\"wp-block-paragraph\">Si sauter le pas d&rsquo;une premi\u00e8re consultation vous inqui\u00e8te, sachez que c&rsquo;est tout \u00e0 fait normal. Lors d&rsquo;une consultation en sexoth\u00e9rapie, nous parlons de sujet intime, souvent tabou, qui peuvent mettre mal \u00e0 l&rsquo;aise. Rassurez-vous, c&rsquo;est mon travail et je suis form\u00e9e pour cela. Par ailleurs, l&rsquo;ensemble de nos \u00e9changes sont soumis au secret professionnel.<\/p>\n\n\n\n<p class=\"wp-block-paragraph\">La premi\u00e8re consultation peut durer une heure ou une heure et demie (le choix vous appartient). Le premier temps sera consacr\u00e9 \u00e0 la partie administrative et \u00e0 faire connaissance. Le deuxi\u00e8me temps se consacrera au c\u0153ur du sujet et enfin une derni\u00e8re partie pour conclure la s\u00e9ance.<\/p>\n\n\n\n<p class=\"wp-block-paragraph\">Je reviens plus en d\u00e9tail sur le deuxi\u00e8me temps : le c\u0153ur du sujet. C&rsquo;est \u00e0 ce moment que je vous poserais plusieurs questions. Elles auront pour objectif de d\u00e9finir les contours de la difficult\u00e9. Nous \u00e9changerons \u00e9galement sur vos besoins et vos attentes.<\/p>\n\n\n\n<p class=\"wp-block-paragraph\">En fin de s\u00e9ance, vous pourrez poser vos questions et je vous proposerais un accompagnement th\u00e9rapeutique. <\/p>\n\n\n\n<p class=\"wp-block-paragraph\">Les s\u00e9ances de suivis auront pour objectif principal de travailler sur la raison de votre venue (difficult\u00e9, questionnements&#8230;), r\u00e9pondre \u00e0 vos questions et faire un retour sur les exercices qui peuvent \u00eatre propos\u00e9s.<\/p>\n\n\n\n<p class=\"wp-block-paragraph\">J&rsquo;esp\u00e8re que cela vous aide \u00e0 mieux vous projeter dans votre premi\u00e8re s\u00e9ance et celles \u00e0 venir. <\/p>\n\n\n","protected":false},"excerpt":{"rendered":"<p>Si sauter le pas d&rsquo;une premi\u00e8re consultation vous inqui\u00e8te, sachez que c&rsquo;est tout \u00e0 fait normal. Lors d&rsquo;une consultation en sexoth\u00e9rapie, nous parlons de sujet intime, souvent tabou, qui peuvent mettre mal \u00e0 l&rsquo;aise. Rassurez-vous, c&rsquo;est mon travail et je suis form\u00e9e pour cela. Par ailleurs, l&rsquo;ensemble de nos \u00e9changes sont soumis au secret professionnel. [&hellip;]<\/p>\n","protected":false},"author":1,"featured_media":0,"parent":266,"menu_order":1,"comment_status":"closed","ping_status":"closed","template":"mod-le-personnalis","meta":{"_crdt_document":"","advanced_seo_description":"","jetpack_seo_html_title":"","jetpack_seo_noindex":false,"footnotes":""},"class_list":["post-248","page","type-page","status-publish","hentry"],"jetpack_sharing_enabled":true,"_links":{"self":[{"href":"https:\/\/aurelie-leber-sexotherapie.fr\/index.php\/wp-json\/wp\/v2\/pages\/248","targetHints":{"allow":["GET"]}}],"collection":[{"href":"https:\/\/aurelie-leber-sexotherapie.fr\/index.php\/wp-json\/wp\/v2\/pages"}],"about":[{"href":"https:\/\/aurelie-leber-sexotherapie.fr\/index.php\/wp-json\/wp\/v2\/types\/page"}],"author":[{"embeddable":true,"href":"https:\/\/aurelie-leber-sexotherapie.fr\/index.php\/wp-json\/wp\/v2\/users\/1"}],"replies":[{"embeddable":true,"href":"https:\/\/aurelie-leber-sexotherapie.fr\/index.php\/wp-json\/wp\/v2\/comments?post=248"}],"version-history":[{"count":2,"href":"https:\/\/aurelie-leber-sexotherapie.fr\/index.php\/wp-json\/wp\/v2\/pages\/248\/revisions"}],"predecessor-version":[{"id":255,"href":"https:\/\/aurelie-leber-sexotherapie.fr\/index.php\/wp-json\/wp\/v2\/pages\/248\/revisions\/255"}],"up":[{"embeddable":true,"href":"https:\/\/aurelie-leber-sexotherapie.fr\/index.php\/wp-json\/wp\/v2\/pages\/266"}],"wp:attachment":[{"href":"https:\/\/aurelie-leber-sexotherapie.fr\/index.php\/wp-json\/wp\/v2\/media?parent=248"}],"curies":[{"name":"wp","href":"https:\/\/api.w.org\/{rel}","templated":true}]}}