{"id":221,"date":"2026-01-24T15:51:12","date_gmt":"2026-01-24T15:51:12","guid":{"rendered":"https:\/\/aurelie-leber-sexotherapie.fr\/?page_id=221"},"modified":"2026-02-17T18:33:34","modified_gmt":"2026-02-17T18:33:34","slug":"foire-aux-questions","status":"publish","type":"page","link":"https:\/\/aurelie-leber-sexotherapie.fr\/index.php\/foire-aux-questions\/","title":{"rendered":"Foire aux questions"},"content":{"rendered":"\n<p class=\"is-style-text-subtitle is-style-text-subtitle--1 wp-block-paragraph\">A qui s&rsquo;adresse la sexoth\u00e9rapie?<\/p>\n\n\n\n<p class=\"wp-block-paragraph\">Nous sommes tous concern\u00e9s par la sexualit\u00e9 et la vie affective, la sexoth\u00e9rapie s\u2019adresse donc <strong>\u00e0 tout le monde<\/strong>, sans distinction d\u2019\u00e2ge, de genre, d\u2019orientation sexuelle, de situation relationnelle ou de v\u00e9cu.<br>Que vous soyez seul\u00b7e, en couple, en relation non exclusive, en questionnement ou simplement curieux\u00b7se de mieux vous comprendre, vous \u00eates l\u00e9gitime \u00e0 consulter.<\/p>\n\n\n\n<p class=\"is-style-text-subtitle is-style-text-subtitle--2 wp-block-paragraph\">Quels sujets peuvent \u00eatre abord\u00e9s en consultation?<\/p>\n\n\n\n<p class=\"wp-block-paragraph\">Tous les sujets li\u00e9s \u00e0 la sexualit\u00e9 et \u00e0 l\u2019intimit\u00e9 peuvent \u00eatre abord\u00e9s, notamment :<\/p>\n\n\n\n<ul class=\"wp-block-list\">\n<li>d\u00e9sir, excitation, plaisir, orgasme<\/li>\n\n\n\n<li>troubles de l\u2019\u00e9rection, de l\u2019\u00e9jaculation, douleurs, vaginisme<\/li>\n\n\n\n<li>baisse ou absence de d\u00e9sir<\/li>\n\n\n\n<li>sexualit\u00e9 apr\u00e8s un \u00e9v\u00e9nement de vie (grossesse, maladie, trauma, rupture\u2026)<\/li>\n\n\n\n<li>sexualit\u00e9s LGBTQIA+<\/li>\n\n\n\n<li>identit\u00e9 de genre et orientation sexuelle<\/li>\n\n\n\n<li>relations affectives, communication, jalousie<\/li>\n\n\n\n<li>addictions sexuelles ou \u00e0 la pornographie<\/li>\n\n\n\n<li>consentement, limites, fantasmes<\/li>\n\n\n\n<li>estime de soi et image corporelle<\/li>\n<\/ul>\n\n\n\n<p class=\"wp-block-paragraph\">Cette liste est non exhaustive et aucun sujet n\u2019est tabou.<\/p>\n\n\n\n<p class=\"is-style-text-subtitle is-style-text-subtitle--3 wp-block-paragraph\">Comment se d\u00e9roule une s\u00e9ance?<\/p>\n\n\n\n<p class=\"wp-block-paragraph\">Une s\u00e9ance est avant tout un <strong>temps de parole et d\u2019\u00e9coute<\/strong>.<br>Il n\u2019y a <strong>aucun acte sexuel, aucun contact physique<\/strong>, ni aucune obligation de raconter des d\u00e9tails que vous ne souhaitez pas partager.<br>Le rythme et le contenu des s\u00e9ances s\u2019adaptent toujours \u00e0 votre confort et \u00e0 vos limites.<\/p>\n\n\n\n<p class=\"is-style-text-subtitle is-style-text-subtitle--4 wp-block-paragraph\">Dois-je prendre une s\u00e9ance d&rsquo;1h ou d&rsquo;1h30?<\/p>\n\n\n\n<p class=\"wp-block-paragraph\">C&rsquo;est \u00e0 votre convenance. Il est recommand\u00e9 de choisir une s\u00e9ance d&rsquo;1h30 la premi\u00e8re fois pour r\u00e9gler la parties administrative, faire connaissance, r\u00e9pondre \u00e0 vos \u00e9ventuelles questions, d\u00e9finir le cap. Les s\u00e9ances d&rsquo;une heure sont recommand\u00e9es pour les s\u00e9ances suivantes. Vous \u00eates libre de choisir la s\u00e9ance qui vous convient le mieux.<\/p>\n\n\n\n<p class=\"is-style-text-subtitle is-style-text-subtitle--5 wp-block-paragraph\">Est-ce que les s\u00e9ances sont confidentielles?<\/p>\n\n\n\n<p class=\"wp-block-paragraph\">Oui! Les s\u00e9ances sont strictement confidentielles et soumis au secret professionnel. Tout ce qui sera dit en s\u00e9ance restera en s\u00e9ance. C&rsquo;est une condition n\u00e9cessaire pour que vous vous sentiez en s\u00e9curit\u00e9 et puissiez aborder tous les sujets sans crainte de jugement.<\/p>\n\n\n\n<p class=\"is-style-text-subtitle is-style-text-subtitle--6 wp-block-paragraph\">Combien de temps dure un accompagnement?<\/p>\n\n\n\n<p class=\"wp-block-paragraph\">Certaines situations peuvent se r\u00e9soudre rapidement alors que d&rsquo;autres n\u00e9cessiteront plusieurs s\u00e9ances. Le plus important est le respect de votre propre rythme, c&rsquo;est vous qui \u00eates ma\u00eetre de votre accompagnement.<\/p>\n\n\n\n<p class=\"is-style-text-subtitle is-style-text-subtitle--7 wp-block-paragraph\">Pouvez-vous me faire une ordonnance?<\/p>\n\n\n\n<p class=\"wp-block-paragraph\">Je ne suis pas m\u00e9decin, je ne peux donc pas vous faire une ordonnance, ni vous ausculter. Si votre difficult\u00e9 est d&rsquo;ordre physiologique, il est important de consulter votre m\u00e9decin. Je vous accompagne sur le plan psychologique et \u00e9motionnel. Je peux vous accompagner en parall\u00e8le d&rsquo;un suivi m\u00e9dical.<\/p>\n\n\n\n<p class=\"wp-block-paragraph\">Si vous ne trouvez pas la r\u00e9ponse \u00e0 votre question, je vous invite \u00e0 m&rsquo;envoyer un mail : <a href=\"mailto:aurelieleber.sexotherapie@outlook.fr\">aurelieleber.sexotherapie@outlook.fr<\/a> <\/p>\n","protected":false},"excerpt":{"rendered":"<p>A qui s&rsquo;adresse la sexoth\u00e9rapie? Nous sommes tous concern\u00e9s par la sexualit\u00e9 et la vie affective, la sexoth\u00e9rapie s\u2019adresse donc \u00e0 tout le monde, sans distinction d\u2019\u00e2ge, de genre, d\u2019orientation sexuelle, de situation relationnelle ou de v\u00e9cu.Que vous soyez seul\u00b7e, en couple, en relation non exclusive, en questionnement ou simplement curieux\u00b7se de mieux vous comprendre, [&hellip;]<\/p>\n","protected":false},"author":1,"featured_media":0,"parent":0,"menu_order":5,"comment_status":"closed","ping_status":"closed","template":"","meta":{"_crdt_document":"","advanced_seo_description":"","jetpack_seo_html_title":"","jetpack_seo_noindex":false,"footnotes":""},"class_list":["post-221","page","type-page","status-publish","hentry"],"jetpack_sharing_enabled":true,"_links":{"self":[{"href":"https:\/\/aurelie-leber-sexotherapie.fr\/index.php\/wp-json\/wp\/v2\/pages\/221","targetHints":{"allow":["GET"]}}],"collection":[{"href":"https:\/\/aurelie-leber-sexotherapie.fr\/index.php\/wp-json\/wp\/v2\/pages"}],"about":[{"href":"https:\/\/aurelie-leber-sexotherapie.fr\/index.php\/wp-json\/wp\/v2\/types\/page"}],"author":[{"embeddable":true,"href":"https:\/\/aurelie-leber-sexotherapie.fr\/index.php\/wp-json\/wp\/v2\/users\/1"}],"replies":[{"embeddable":true,"href":"https:\/\/aurelie-leber-sexotherapie.fr\/index.php\/wp-json\/wp\/v2\/comments?post=221"}],"version-history":[{"count":3,"href":"https:\/\/aurelie-leber-sexotherapie.fr\/index.php\/wp-json\/wp\/v2\/pages\/221\/revisions"}],"predecessor-version":[{"id":226,"href":"https:\/\/aurelie-leber-sexotherapie.fr\/index.php\/wp-json\/wp\/v2\/pages\/221\/revisions\/226"}],"wp:attachment":[{"href":"https:\/\/aurelie-leber-sexotherapie.fr\/index.php\/wp-json\/wp\/v2\/media?parent=221"}],"curies":[{"name":"wp","href":"https:\/\/api.w.org\/{rel}","templated":true}]}}