{"id":20,"date":"2025-12-30T08:48:28","date_gmt":"2025-12-30T08:48:28","guid":{"rendered":"https:\/\/aurelie-leber-sexotherapie.fr\/?page_id=20"},"modified":"2026-02-04T21:57:26","modified_gmt":"2026-02-04T21:57:26","slug":"aurelie-leber-sexotherapeute","status":"publish","type":"page","link":"https:\/\/aurelie-leber-sexotherapie.fr\/","title":{"rendered":"Aur\u00e9lie LEBER Sexoth\u00e9rapeute"},"content":{"rendered":"\n<figure class=\"wp-block-gallery has-nested-images columns-default is-cropped wp-block-gallery-1 is-layout-flex wp-block-gallery-is-layout-flex\"><\/figure>\n\n\n\n<div class=\"wp-block-media-text is-stacked-on-mobile\"><figure class=\"wp-block-media-text__media\"><img fetchpriority=\"high\" decoding=\"async\" width=\"225\" height=\"300\" src=\"https:\/\/aurelie-leber-sexotherapie.fr\/wp-content\/uploads\/2026\/01\/IMG_20260124_154911-225x300.jpg\" alt=\"\" class=\"wp-image-227 size-full\" srcset=\"https:\/\/aurelie-leber-sexotherapie.fr\/wp-content\/uploads\/2026\/01\/IMG_20260124_154911-225x300.jpg 225w, https:\/\/aurelie-leber-sexotherapie.fr\/wp-content\/uploads\/2026\/01\/IMG_20260124_154911-768x1024.jpg 768w, https:\/\/aurelie-leber-sexotherapie.fr\/wp-content\/uploads\/2026\/01\/IMG_20260124_154911-1152x1536.jpg 1152w, https:\/\/aurelie-leber-sexotherapie.fr\/wp-content\/uploads\/2026\/01\/IMG_20260124_154911-1536x2048.jpg 1536w, https:\/\/aurelie-leber-sexotherapie.fr\/wp-content\/uploads\/2026\/01\/IMG_20260124_154911-scaled.jpg 1920w\" sizes=\"(max-width: 225px) 100vw, 225px\" \/><\/figure><div class=\"wp-block-media-text__content\">\n<p class=\"wp-block-paragraph\">Prendre soin de sa vie intime, c&rsquo;est aussi prendre soin de soi.<br>En tant que sexoth\u00e9rapeute, je vous accueille avec bienveillance pour explorer vos questionnements, d\u00e9passer ce qui vous freine et renouer avec une sexualit\u00e9 \u00e9panouissante.<\/p>\n\n\n\n<p class=\"wp-block-paragraph\">Ici, chaque histoire est unique et chaque pas vers le mieux-\u00eatre compte.<\/p>\n<\/div><\/div>\n\n\n\n<div class=\"wp-block-group alignfull has-global-padding is-layout-constrained wp-container-core-group-is-layout-75f56b9d wp-block-group-is-layout-constrained\" style=\"min-height:0vh;margin-top:0;margin-bottom:0;padding-top:var(--wp--preset--spacing--70);padding-right:var(--wp--preset--spacing--40);padding-bottom:var(--wp--preset--spacing--70);padding-left:var(--wp--preset--spacing--40)\">\n<div class=\"wp-block-group has-global-padding is-layout-constrained wp-container-core-group-is-layout-f15145cb wp-block-group-is-layout-constrained\"><\/div>\n\n\n\n<hr class=\"wp-block-separator has-alpha-channel-opacity\"\/>\n\n\n\n<div class=\"wp-block-group alignfull has-global-padding is-layout-constrained wp-container-core-group-is-layout-4bb49aaa wp-block-group-is-layout-constrained\" style=\"margin-top:0;margin-bottom:0;padding-top:var(--wp--preset--spacing--50);padding-bottom:var(--wp--preset--spacing--50)\">\n<h2 class=\"wp-block-heading has-text-align-center alignwide\">A propos de moi<\/h2>\n\n\n\n<p class=\"has-text-align-center wp-block-paragraph\">Avant de devenir sexoth\u00e9rapeute, je me destinais \u00e0 une carri\u00e8re en h\u00f4tellerie, un univers d\u00e9j\u00e0 tourn\u00e9 vers l&rsquo;accueil, le service et le lien \u00e0 l&rsquo;autre. L&rsquo;envie d&rsquo;\u00eatre au service de l&rsquo;autre m&rsquo;a pouss\u00e9 vers une carri\u00e8re militaire. Malgr\u00e9 une exp\u00e9rience enrichissante, il manquait une pi\u00e8ce au puzzle.<\/p>\n\n\n\n<p class=\"has-text-align-center wp-block-paragraph\">J&rsquo;ai compris, gr\u00e2ce \u00e0 cette exp\u00e9rience, que ce qui m&rsquo;anime dans la vie c&rsquo;est d&rsquo;accompagner, plus dans l&rsquo;intime et plus en profondeur, mais comment? Une rencontre pr\u00e9cieuse m&rsquo;a mis sur le chemin de la sexoth\u00e9rapie. J&rsquo;ai alors suivi une formation \u00e0 l&rsquo;Ecole de sexoth\u00e9rapie holistique. <\/p>\n\n\n\n<p class=\"has-text-align-center wp-block-paragraph\">Aujourd\u2019hui, j\u2019accompagne les personnes et les couples dans toutes les dimensions de leur vie intime, affective et relationnelle. Mon parcours atypique nourrit ma pratique : il m\u2019a appris l\u2019\u00e9coute, la rigueur, le respect du cadre, mais aussi l\u2019importance de la bienveillance, de la nuance et du non-jugement.<\/p>\n\n\n\n<p class=\"has-text-align-center wp-block-paragraph\">Que vous veniez avec une question pr\u00e9cise, un malaise diffus ou simplement l\u2019envie de mieux vous comprendre, votre d\u00e9marche est l\u00e9gitime et je suis l\u00e0 pour vous.<\/p>\n\n\n\n<p class=\"has-text-align-center wp-block-paragraph\">A tr\u00e8s bient\u00f4t, Aur\u00e9lie<\/p>\n\n\n\n<hr class=\"wp-block-separator has-alpha-channel-opacity\"\/>\n\n\n\n<div class=\"wp-block-columns alignwide is-layout-flex wp-container-core-columns-is-layout-794e3cfa wp-block-columns-is-layout-flex\">\n<div class=\"wp-block-column is-layout-flow wp-block-column-is-layout-flow\">\n<figure class=\"wp-block-image size-full\" style=\"margin-bottom:24px\"><img decoding=\"async\" width=\"1224\" height=\"923\" src=\"https:\/\/aurelie-leber-sexotherapie.fr\/wp-content\/uploads\/2026\/01\/Screenshot_20251231_105150_com_google_android_apps_maps_MapsActivity.jpg\" alt=\"\" class=\"wp-image-178\" style=\"aspect-ratio:4\/3;object-fit:cover\" srcset=\"https:\/\/aurelie-leber-sexotherapie.fr\/wp-content\/uploads\/2026\/01\/Screenshot_20251231_105150_com_google_android_apps_maps_MapsActivity.jpg 1224w, https:\/\/aurelie-leber-sexotherapie.fr\/wp-content\/uploads\/2026\/01\/Screenshot_20251231_105150_com_google_android_apps_maps_MapsActivity-300x226.jpg 300w, https:\/\/aurelie-leber-sexotherapie.fr\/wp-content\/uploads\/2026\/01\/Screenshot_20251231_105150_com_google_android_apps_maps_MapsActivity-1024x772.jpg 1024w, https:\/\/aurelie-leber-sexotherapie.fr\/wp-content\/uploads\/2026\/01\/Screenshot_20251231_105150_com_google_android_apps_maps_MapsActivity-768x579.jpg 768w\" sizes=\"(max-width: 1224px) 100vw, 1224px\" \/><\/figure>\n\n\n\n<h3 class=\"wp-block-heading has-text-align-center\">Sexoth\u00e9rapie<\/h3>\n\n\n\n<p class=\"has-medium-font-size wp-block-paragraph\">Seul(e) ou en couple, l&rsquo;accompagnement en sexoth\u00e9rapie vise \u00e0 travailler sur les difficult\u00e9s et\/ou les troubles sexuels, qu&rsquo;ils soient ponctuels ou ancr\u00e9s.<\/p>\n\n\n\n<p class=\"has-medium-font-size wp-block-paragraph\">C&rsquo;est aussi l&rsquo;occasion de d\u00e9construire les fausses croyances, se lib\u00e9rer des peurs li\u00e9s \u00e0 la sexualit\u00e9 et avoir des r\u00e9ponses \u00e0 ses questionnements.<\/p>\n<\/div>\n\n\n\n<div class=\"wp-block-column is-layout-flow wp-block-column-is-layout-flow\">\n<figure class=\"wp-block-image size-full\" style=\"margin-bottom:24px\"><img decoding=\"async\" width=\"2048\" height=\"1536\" src=\"https:\/\/aurelie-leber-sexotherapie.fr\/wp-content\/uploads\/2026\/01\/IMG-20260108-WA0000.jpg\" alt=\"\" class=\"wp-image-179\" style=\"aspect-ratio:4\/3;object-fit:cover\" srcset=\"https:\/\/aurelie-leber-sexotherapie.fr\/wp-content\/uploads\/2026\/01\/IMG-20260108-WA0000.jpg 2048w, https:\/\/aurelie-leber-sexotherapie.fr\/wp-content\/uploads\/2026\/01\/IMG-20260108-WA0000-300x225.jpg 300w, https:\/\/aurelie-leber-sexotherapie.fr\/wp-content\/uploads\/2026\/01\/IMG-20260108-WA0000-1024x768.jpg 1024w, https:\/\/aurelie-leber-sexotherapie.fr\/wp-content\/uploads\/2026\/01\/IMG-20260108-WA0000-768x576.jpg 768w, https:\/\/aurelie-leber-sexotherapie.fr\/wp-content\/uploads\/2026\/01\/IMG-20260108-WA0000-1536x1152.jpg 1536w\" sizes=\"(max-width: 2048px) 100vw, 2048px\" \/><\/figure>\n\n\n\n<h3 class=\"wp-block-heading has-text-align-center\">S\u00e9ance parents &#8211; adolescents<\/h3>\n\n\n\n<p class=\"has-medium-font-size wp-block-paragraph\">Cette consultation s&rsquo;adresse aux adolescents qui souhaitent b\u00e9n\u00e9ficier d&rsquo;un espace s\u00e9curis\u00e9 et bienveillant pour aborder les sujets sur la sexualit\u00e9.<\/p>\n\n\n\n<p class=\"has-medium-font-size wp-block-paragraph\">Cette s\u00e9ance peut \u00e9galement \u00eatre un support pour les parents afin de les aider \u00e0 ouvrir la discussion avec leur adolescent.<\/p>\n<\/div>\n<\/div>\n\n\n\n<div class=\"wp-block-buttons is-content-justification-center is-layout-flex wp-container-core-buttons-is-layout-5f1f0456 wp-block-buttons-is-layout-flex\">\n<div class=\"wp-block-button is-style-fill\"><a class=\"wp-block-button__link wp-element-button\" href=\"https:\/\/www.crenolibre.fr\/prendre-rdv\/154991_leber-aurelie\">prendre rendez-vous<\/a><\/div>\n<\/div>\n<\/div>\n<\/div>\n","protected":false},"excerpt":{"rendered":"<p>Prendre soin de sa vie intime, c&rsquo;est aussi prendre soin de soi.En tant que sexoth\u00e9rapeute, je vous accueille avec bienveillance pour explorer vos questionnements, d\u00e9passer ce qui vous freine et renouer avec une sexualit\u00e9 \u00e9panouissante. Ici, chaque histoire est unique et chaque pas vers le mieux-\u00eatre compte. A propos de moi Avant de devenir sexoth\u00e9rapeute, [&hellip;]<\/p>\n","protected":false},"author":1,"featured_media":0,"parent":0,"menu_order":1,"comment_status":"closed","ping_status":"closed","template":"mod-le-personnalis","meta":{"_crdt_document":"","advanced_seo_description":"","jetpack_seo_html_title":"","jetpack_seo_noindex":false,"footnotes":""},"class_list":["post-20","page","type-page","status-publish","hentry"],"jetpack_sharing_enabled":true,"_links":{"self":[{"href":"https:\/\/aurelie-leber-sexotherapie.fr\/index.php\/wp-json\/wp\/v2\/pages\/20","targetHints":{"allow":["GET"]}}],"collection":[{"href":"https:\/\/aurelie-leber-sexotherapie.fr\/index.php\/wp-json\/wp\/v2\/pages"}],"about":[{"href":"https:\/\/aurelie-leber-sexotherapie.fr\/index.php\/wp-json\/wp\/v2\/types\/page"}],"author":[{"embeddable":true,"href":"https:\/\/aurelie-leber-sexotherapie.fr\/index.php\/wp-json\/wp\/v2\/users\/1"}],"replies":[{"embeddable":true,"href":"https:\/\/aurelie-leber-sexotherapie.fr\/index.php\/wp-json\/wp\/v2\/comments?post=20"}],"version-history":[{"count":24,"href":"https:\/\/aurelie-leber-sexotherapie.fr\/index.php\/wp-json\/wp\/v2\/pages\/20\/revisions"}],"predecessor-version":[{"id":247,"href":"https:\/\/aurelie-leber-sexotherapie.fr\/index.php\/wp-json\/wp\/v2\/pages\/20\/revisions\/247"}],"wp:attachment":[{"href":"https:\/\/aurelie-leber-sexotherapie.fr\/index.php\/wp-json\/wp\/v2\/media?parent=20"}],"curies":[{"name":"wp","href":"https:\/\/api.w.org\/{rel}","templated":true}]}}