{"id":18,"date":"2025-12-30T09:00:22","date_gmt":"2025-12-30T09:00:22","guid":{"rendered":"https:\/\/aurelie-leber-sexotherapie.fr\/?page_id=18"},"modified":"2026-02-04T21:58:31","modified_gmt":"2026-02-04T21:58:31","slug":"la-sexotherapie-holistique","status":"publish","type":"page","link":"https:\/\/aurelie-leber-sexotherapie.fr\/index.php\/aurelie-leber-sexotherapeute\/la-sexotherapie-holistique\/","title":{"rendered":"SEXOTHERAPIE"},"content":{"rendered":"\n<p class=\"wp-block-paragraph\">La sexoth\u00e9rapie est une approche th\u00e9rapeutique qui s\u2019int\u00e9resse \u00e0 la sexualit\u00e9 dans toutes ses dimensions : \u00e9motionnelle, relationnelle, psychologique et corporelle. Elle permet de comprendre les difficult\u00e9s sexuelles, affectives ou relationnelles et d\u2019y apporter des r\u00e9ponses adapt\u00e9es.\u200b<\/p>\n\n\n\n<p class=\"wp-block-paragraph\">La sexualit\u00e9 concerne tout le monde, c&rsquo;est un sujet d\u00e9licat \u00e0 aborder, intime et encore tabou. Mon accompagnement en sexoth\u00e9rapie vous offre un espace s\u00e9curis\u00e9, bienveillant et sans jugement que ce soit pour mettre des mots sur des difficult\u00e9s, d\u00e9construire de fausses croyances ou bien r\u00e9pondre \u00e0 vos questionnements.<\/p>\n\n\n\n<hr class=\"wp-block-separator has-alpha-channel-opacity\"\/>\n\n\n\n<h1 class=\"wp-block-heading has-text-align-center is-style-text-subtitle is-style-text-subtitle--1\">Les raisons de consulter<\/h1>\n\n\n\n<p class=\"wp-block-paragraph\">Les raisons de consulter sont multiples et peuvent se faire seul(e) ou en couple :<\/p>\n\n\n\n<ul class=\"wp-block-list\">\n<li>Troubles f\u00e9minins\n<ul class=\"wp-block-list\">\n<li>Vaginisme\u200b<\/li>\n\n\n\n<li>Vulvodynie<\/li>\n\n\n\n<li>Dyspareunies<\/li>\n<\/ul>\n<\/li>\n\n\n\n<li>Troubles masculins\n<ul class=\"wp-block-list\">\n<li>Trouble de l&rsquo;\u00e9rection\u200b<\/li>\n\n\n\n<li>An\u00e9jaculation<\/li>\n\n\n\n<li>Ejaculation pr\u00e9matur\u00e9e<\/li>\n<\/ul>\n<\/li>\n\n\n\n<li>Absence ou baisse de d\u00e9sir<\/li>\n\n\n\n<li>Difficult\u00e9s \u00e0 atteindre l&rsquo;orgasme<\/li>\n\n\n\n<li>Questionnement identitaire<\/li>\n\n\n\n<li>Orientation sexuelle<\/li>\n\n\n\n<li>Education sexuelle<\/li>\n\n\n\n<li>Addictions et d\u00e9pendances<\/li>\n\n\n\n<li>Sexualit\u00e9 pendant la grossesse et le post-partum<\/li>\n<\/ul>\n\n\n\n<p class=\"wp-block-paragraph\">Cette liste est non exhaustive.<\/p>\n\n\n\n<div class=\"wp-block-buttons is-content-justification-center is-layout-flex wp-container-core-buttons-is-layout-35f06ea7 wp-block-buttons-is-layout-flex\">\n<div class=\"wp-block-button\"><a class=\"wp-block-button__link has-text-align-center wp-element-button\" href=\"https:\/\/www.crenolibre.fr\/prendre-rdv\/154991_leber-aurelie\">prendre rendez-vous<\/a><\/div>\n<\/div>\n\n\n\n<div style=\"height:100px\" aria-hidden=\"true\" class=\"wp-block-spacer\"><\/div>\n\n\n\n<div class=\"wp-block-group is-style-section-1 has-border-color has-contrast-border-color has-accent-2-background-color has-background has-global-padding is-layout-constrained wp-container-core-group-is-layout-d12614aa wp-block-group-is-layout-constrained is-style-section-1--2\" style=\"border-width:3px;border-top-left-radius:0px;border-top-right-radius:0px;border-bottom-left-radius:0px;border-bottom-right-radius:0px;min-height:147px;margin-top:0;margin-bottom:0;padding-right:0;padding-left:0\">\n<p class=\"has-text-align-center wp-block-paragraph\" style=\"border-top-left-radius:0px;border-top-right-radius:0px;border-bottom-left-radius:0px;border-bottom-right-radius:0px;margin-right:0;margin-left:0\">N\u2019\u00e9tant pas m\u00e9decin sexologue, aucune auscultation ni prescription ne sont r\u00e9alis\u00e9es lors des s\u00e9ances. L&rsquo;accompagnement a lieu si la difficult\u00e9 n&rsquo;est pas d&rsquo;ordre physiologique ou bien en parall\u00e8le d\u2019un parcours m\u00e9dical.<\/p>\n\n\n\n<p class=\"has-text-align-center wp-block-paragraph\">Les s\u00e9ances ne sont pas rembours\u00e9es par la s\u00e9curit\u00e9 sociales, cependant certaines mutuelles sont susceptibles de prendre en charge les consultations. N&rsquo;h\u00e9sitez pas \u00e0 vous renseigner aupr\u00e8s de la v\u00f4tre.<\/p>\n<\/div>\n\n\n\n<div style=\"height:100px\" aria-hidden=\"true\" class=\"wp-block-spacer\"><\/div>\n","protected":false},"excerpt":{"rendered":"<p>La sexoth\u00e9rapie est une approche th\u00e9rapeutique qui s\u2019int\u00e9resse \u00e0 la sexualit\u00e9 dans toutes ses dimensions : \u00e9motionnelle, relationnelle, psychologique et corporelle. Elle permet de comprendre les difficult\u00e9s sexuelles, affectives ou relationnelles et d\u2019y apporter des r\u00e9ponses adapt\u00e9es.\u200b La sexualit\u00e9 concerne tout le monde, c&rsquo;est un sujet d\u00e9licat \u00e0 aborder, intime et encore tabou. Mon accompagnement [&hellip;]<\/p>\n","protected":false},"author":1,"featured_media":0,"parent":20,"menu_order":1,"comment_status":"closed","ping_status":"closed","template":"mod-le-personnalis","meta":{"_crdt_document":"","advanced_seo_description":"","jetpack_seo_html_title":"","jetpack_seo_noindex":false,"footnotes":""},"class_list":["post-18","page","type-page","status-publish","hentry"],"jetpack_sharing_enabled":true,"_links":{"self":[{"href":"https:\/\/aurelie-leber-sexotherapie.fr\/index.php\/wp-json\/wp\/v2\/pages\/18","targetHints":{"allow":["GET"]}}],"collection":[{"href":"https:\/\/aurelie-leber-sexotherapie.fr\/index.php\/wp-json\/wp\/v2\/pages"}],"about":[{"href":"https:\/\/aurelie-leber-sexotherapie.fr\/index.php\/wp-json\/wp\/v2\/types\/page"}],"author":[{"embeddable":true,"href":"https:\/\/aurelie-leber-sexotherapie.fr\/index.php\/wp-json\/wp\/v2\/users\/1"}],"replies":[{"embeddable":true,"href":"https:\/\/aurelie-leber-sexotherapie.fr\/index.php\/wp-json\/wp\/v2\/comments?post=18"}],"version-history":[{"count":20,"href":"https:\/\/aurelie-leber-sexotherapie.fr\/index.php\/wp-json\/wp\/v2\/pages\/18\/revisions"}],"predecessor-version":[{"id":172,"href":"https:\/\/aurelie-leber-sexotherapie.fr\/index.php\/wp-json\/wp\/v2\/pages\/18\/revisions\/172"}],"up":[{"embeddable":true,"href":"https:\/\/aurelie-leber-sexotherapie.fr\/index.php\/wp-json\/wp\/v2\/pages\/20"}],"wp:attachment":[{"href":"https:\/\/aurelie-leber-sexotherapie.fr\/index.php\/wp-json\/wp\/v2\/media?parent=18"}],"curies":[{"name":"wp","href":"https:\/\/api.w.org\/{rel}","templated":true}]}}