{"id":107,"date":"2025-12-30T15:58:38","date_gmt":"2025-12-30T15:58:38","guid":{"rendered":"https:\/\/aurelie-leber-sexotherapie.fr\/?page_id=107"},"modified":"2026-02-13T08:28:41","modified_gmt":"2026-02-13T08:28:41","slug":"contact","status":"publish","type":"page","link":"https:\/\/aurelie-leber-sexotherapie.fr\/index.php\/aurelie-leber-sexotherapeute\/contact\/","title":{"rendered":"Contact"},"content":{"rendered":"\t\t<div data-elementor-type=\"wp-page\" data-elementor-id=\"107\" class=\"elementor elementor-107\">\n\t\t\t\t<div class=\"elementor-element elementor-element-5739f61b e-flex e-con-boxed e-con e-parent\" data-id=\"5739f61b\" data-element_type=\"container\" data-e-type=\"container\">\n\t\t\t\t\t<div class=\"e-con-inner\">\n\t\t\t\t<div class=\"elementor-element elementor-element-6ee3d5a2 elementor-widget elementor-widget-text-editor\" data-id=\"6ee3d5a2\" data-element_type=\"widget\" data-e-type=\"widget\" data-widget_type=\"text-editor.default\">\n\t\t\t\t\t\t\t\t\t<p class=\"has-text-align-center\">ZEN SPACE COWORKING<\/p>\n<p><!-- \/wp:paragraph --><!-- wp:paragraph {\"style\":{\"typography\":{\"textAlign\":\"center\"}}} --><\/p>\n<p class=\"has-text-align-center\">8 rue Jules Lecesne 76600 LE HAVRE<\/p>\n<p><!-- \/wp:paragraph --><!-- wp:group {\"align\":\"full\",\"style\":{\"spacing\":{\"padding\":{\"top\":\"var:preset|spacing|50\",\"bottom\":\"var:preset|spacing|50\"},\"blockGap\":\"var:preset|spacing|50\",\"margin\":{\"top\":\"0\",\"bottom\":\"0\"}}},\"layout\":{\"type\":\"constrained\"}} --><\/p>\n<div class=\"wp-block-group alignfull\" style=\"margin-top: 0; margin-bottom: 0; padding-top: var(--wp--preset--spacing--50); padding-bottom: var(--wp--preset--spacing--50);\">\n<p><!-- wp:group {\"align\":\"wide\",\"layout\":{\"type\":\"constrained\"}} --><\/p>\n<div class=\"wp-block-group alignwide\">\n<p><!-- wp:heading {\"textAlign\":\"center\",\"level\":1,\"align\":\"wide\"} --><\/p>\n<h1 class=\"wp-block-heading alignwide has-text-align-center\">Me contacter<\/h1>\n<p><!-- \/wp:heading --><\/p>\n<\/div>\n<p><!-- \/wp:group --><!-- wp:paragraph {\"style\":{\"typography\":{\"textAlign\":\"center\"}}} --><\/p>\n<p class=\"has-text-align-center\">Tel : 07 49 07 88 34<\/p>\n<p><!-- \/wp:paragraph --><!-- wp:paragraph {\"style\":{\"typography\":{\"textAlign\":\"center\"}}} --><\/p>\n<p class=\"has-text-align-center\">Email : aurelieleber.sexoth\u00e9rapie@outlook.fr<\/p>\n<p><!-- \/wp:paragraph --><!-- wp:social-links {\"className\":\"is-style-logos-only\"} --><\/p>\n<ul class=\"wp-block-social-links is-style-logos-only\"><!-- wp:social-link {\"url\":\"https:\/\/www.facebook.com\/profile.php?id=61585812976387\",\"service\":\"facebook\"} \/--><!-- wp:social-link {\"url\":\"https:\/\/www.linkedin.com\/company\/aur%C3%A9lie-leber\/?viewAsMember=true\",\"service\":\"linkedin\"} \/--><\/ul>\n<p><!-- \/wp:social-links --><!-- wp:heading {\"textAlign\":\"center\",\"level\":1} --><\/p>\n<h1 class=\"wp-block-heading has-text-align-center\">Les horaires<\/h1>\n<p><!-- \/wp:heading --><!-- wp:columns {\"verticalAlignment\":\"center\",\"align\":\"wide\",\"className\":\"is-style-default\",\"style\":{\"spacing\":{\"padding\":{\"top\":\"0\",\"bottom\":\"0\",\"left\":\"0\",\"right\":\"0\"}}}} --><\/p>\n<div class=\"wp-block-columns alignwide are-vertically-aligned-center is-style-default\" style=\"padding: 0;\">\n<p><!-- wp:column {\"verticalAlignment\":\"center\",\"width\":\"100%\"} --><\/p>\n<div class=\"wp-block-column is-vertically-aligned-center\" style=\"flex-basis: 100%;\">\n<p><!-- wp:heading {\"textAlign\":\"center\",\"level\":3} --><\/p>\n<h3 class=\"wp-block-heading has-text-align-center\">Lundi : 19h30- 22h00<\/h3>\n<p><!-- \/wp:heading --><!-- wp:heading {\"textAlign\":\"center\",\"level\":3} --><\/p>\n<h3 class=\"wp-block-heading has-text-align-center\">Mardi :\u00a019h30- 22h00<\/h3>\n<p><!-- \/wp:heading --><!-- wp:heading {\"textAlign\":\"center\",\"level\":3} --><\/p>\n<h3 class=\"wp-block-heading has-text-align-center\">Mercredi : 19h30- 22h00<\/h3>\n<p><!-- \/wp:heading --><!-- wp:heading {\"textAlign\":\"center\",\"level\":3} --><\/p>\n<h3 class=\"wp-block-heading has-text-align-center\">Jeudi : 19h30- 22h00<\/h3>\n<p><!-- \/wp:heading --><!-- wp:heading {\"textAlign\":\"center\",\"level\":3} --><\/p>\n<h3 class=\"wp-block-heading has-text-align-center\">Vendredi : 14h00 &#8211; 19h00<\/h3>\n<p><!-- \/wp:heading --><!-- wp:heading {\"textAlign\":\"center\",\"level\":3} --><\/p>\n<h3 class=\"wp-block-heading has-text-align-center\">Samedi : 08h00- 13h00<\/h3>\n<p><!-- \/wp:heading --><!-- wp:heading {\"textAlign\":\"center\",\"level\":3,\"className\":\"is-style-default\"} --><\/p>\n<h3 class=\"wp-block-heading has-text-align-center is-style-default\">Dimanche : 09h &#8211; 18h<\/h3>\n<p><!-- \/wp:heading --><!-- wp:paragraph {\"style\":{\"typography\":{\"textAlign\":\"center\"}}} --><\/p>\n<p class=\"has-text-align-center\">Horaires donn\u00e9s \u00e0 titre indicatif, se r\u00e9f\u00e9rer au planning sur Cr\u00e9nolibre<\/p>\n<p><!-- \/wp:paragraph --><\/p>\n<\/div>\n<p><!-- \/wp:column --><\/p>\n<\/div>\n<p><!-- \/wp:columns --><!-- wp:buttons {\"layout\":{\"type\":\"flex\",\"justifyContent\":\"center\"}} --><\/p>\n<div class=\"wp-block-buttons\">\n<p><!-- wp:button --><\/p>\n<div class=\"wp-block-button\"><a class=\"wp-block-button__link wp-element-button\" href=\"https:\/\/www.crenolibre.fr\/prendre-rdv\/154991_leber-aurelie\">Prendre rendez-vous<\/a><\/div>\n<\/div>\n<\/div>\n<p><!-- \/wp:group --><\/p>\t\t\t\t\t\t\t\t<\/div>\n\t\t\t\t\t<\/div>\n\t\t\t\t<\/div>\n\t\t<div class=\"elementor-element elementor-element-a58d688 e-flex e-con-boxed e-con e-parent\" data-id=\"a58d688\" data-element_type=\"container\" data-e-type=\"container\">\n\t\t\t\t\t<div class=\"e-con-inner\">\n\t\t\t\t<div class=\"elementor-element elementor-element-4d23aed elementor-widget elementor-widget-google_maps\" data-id=\"4d23aed\" data-element_type=\"widget\" data-e-type=\"widget\" data-widget_type=\"google_maps.default\">\n\t\t\t\t\t\t\t<div class=\"elementor-custom-embed\">\n\t\t\t<iframe loading=\"lazy\"\n\t\t\t\t\tsrc=\"https:\/\/maps.google.com\/maps?q=8%20rue%20jules%20lecesne%2C%2076600%20LE%20HAVRE&#038;t=m&#038;z=14&#038;output=embed&#038;iwloc=near\"\n\t\t\t\t\ttitle=\"8 rue jules lecesne, 76600 LE HAVRE\"\n\t\t\t\t\taria-label=\"8 rue jules lecesne, 76600 LE HAVRE\"\n\t\t\t><\/iframe>\n\t\t<\/div>\n\t\t\t\t\t\t<\/div>\n\t\t\t\t\t<\/div>\n\t\t\t\t<\/div>\n\t\t\t\t<\/div>\n\t\t","protected":false},"excerpt":{"rendered":"<p>ZEN SPACE COWORKING 8 rue Jules Lecesne 76600 LE HAVRE Me contacter Tel : 07 49 07 88 34 Email : aurelieleber.sexoth\u00e9rapie@outlook.fr Les horaires Lundi : 19h30- 22h00 Mardi :\u00a019h30- 22h00 Mercredi : 19h30- 22h00 Jeudi : 19h30- 22h00 Vendredi : 14h00 &#8211; 19h00 Samedi : 08h00- 13h00 Dimanche : 09h &#8211; 18h Horaires donn\u00e9s [&hellip;]<\/p>\n","protected":false},"author":1,"featured_media":0,"parent":20,"menu_order":4,"comment_status":"closed","ping_status":"closed","template":"mod-le-personnalis","meta":{"_crdt_document":"","advanced_seo_description":"","jetpack_seo_html_title":"","jetpack_seo_noindex":false,"footnotes":""},"class_list":["post-107","page","type-page","status-publish","hentry"],"jetpack_sharing_enabled":true,"_links":{"self":[{"href":"https:\/\/aurelie-leber-sexotherapie.fr\/index.php\/wp-json\/wp\/v2\/pages\/107","targetHints":{"allow":["GET"]}}],"collection":[{"href":"https:\/\/aurelie-leber-sexotherapie.fr\/index.php\/wp-json\/wp\/v2\/pages"}],"about":[{"href":"https:\/\/aurelie-leber-sexotherapie.fr\/index.php\/wp-json\/wp\/v2\/types\/page"}],"author":[{"embeddable":true,"href":"https:\/\/aurelie-leber-sexotherapie.fr\/index.php\/wp-json\/wp\/v2\/users\/1"}],"replies":[{"embeddable":true,"href":"https:\/\/aurelie-leber-sexotherapie.fr\/index.php\/wp-json\/wp\/v2\/comments?post=107"}],"version-history":[{"count":19,"href":"https:\/\/aurelie-leber-sexotherapie.fr\/index.php\/wp-json\/wp\/v2\/pages\/107\/revisions"}],"predecessor-version":[{"id":288,"href":"https:\/\/aurelie-leber-sexotherapie.fr\/index.php\/wp-json\/wp\/v2\/pages\/107\/revisions\/288"}],"up":[{"embeddable":true,"href":"https:\/\/aurelie-leber-sexotherapie.fr\/index.php\/wp-json\/wp\/v2\/pages\/20"}],"wp:attachment":[{"href":"https:\/\/aurelie-leber-sexotherapie.fr\/index.php\/wp-json\/wp\/v2\/media?parent=107"}],"curies":[{"name":"wp","href":"https:\/\/api.w.org\/{rel}","templated":true}]}}